{"id":51,"date":"2024-11-19T14:42:29","date_gmt":"2024-11-19T14:42:29","guid":{"rendered":"https:\/\/picoronsdelageometri.live-website.com\/?page_id=51"},"modified":"2025-02-18T08:33:40","modified_gmt":"2025-02-18T08:33:40","slug":"exercices-corriges-de-t-c","status":"publish","type":"page","link":"https:\/\/picoronsdelageometrie.fr\/?page_id=51","title":{"rendered":"Exercices corrig\u00e9s de T.C"},"content":{"rendered":"\n<p class=\"has-medium-font-size\">Dans cette page un peu de cours de TC anciens programmes et des exercices corrig\u00e9s avec les notions de ce niveau<\/p>\n\n\n\n<hr class=\"wp-block-separator has-alpha-channel-opacity is-style-wide\"\/>\n\n\n\n<div class=\"wp-block-group is-layout-flow wp-block-group-is-layout-flow\">\n<div class=\"wp-block-columns are-vertically-aligned-top has-small-font-size is-layout-flex wp-container-core-columns-is-layout-1 wp-block-columns-is-layout-flex\" style=\"border-style:none;border-width:0px\">\n<div class=\"wp-block-column is-vertically-aligned-top is-layout-flow wp-block-column-is-layout-flow\">\n<div class=\"wp-block-group is-layout-grid wp-container-core-group-is-layout-1 wp-block-group-is-layout-grid\">\n<p>Puissance par rapport \u00e0 un cercle, orthogonalit\u00e9 de cercles, faisceaux de cercles.<\/p>\n\n\n\n<div class=\"wp-block-buttons is-layout-flex wp-block-buttons-is-layout-flex\">\n<div class=\"wp-block-button is-style-outline is-style-outline--1\"><a class=\"wp-block-button__link has-text-color has-link-color wp-element-button\" href=\"https:\/\/drive.google.com\/file\/d\/19bQf9e0FU-SaYaRE8B8pWzsM7TM76ZG8\/view?usp=sharing\" style=\"border-width:2px;border-radius:5px;color:#0505f6\" target=\"_blank\" rel=\"noreferrer noopener\">cours<\/a><\/div>\n\n\n\n<div class=\"wp-block-button is-style-outline is-style-outline--2\"><a class=\"wp-block-button__link has-text-color has-link-color wp-element-button\" href=\"https:\/\/drive.google.com\/file\/d\/13IolutldHz2zz9DqDypipRuaKsKLj741\/view?usp=sharing\" style=\"color:#0909f2\" target=\"_blank\" rel=\"noreferrer noopener\">exercices<\/a><\/div>\n<\/div>\n<\/div>\n<\/div>\n<\/div>\n<\/div>\n\n\n\n<hr class=\"wp-block-separator has-alpha-channel-opacity is-style-wide\"\/>\n\n\n\n<div class=\"wp-block-columns is-layout-flex wp-container-core-columns-is-layout-2 wp-block-columns-is-layout-flex\">\n<div class=\"wp-block-column is-layout-flow wp-block-column-is-layout-flow\">\n<div class=\"wp-block-group is-layout-grid wp-container-core-group-is-layout-3 wp-block-group-is-layout-grid\">\n<p class=\"wp-container-content-1\">Harmonicit\u00e9 par rapport \u00e0 un couple de droite, p\u00f4le, polaires<\/p>\n\n\n\n<div class=\"wp-block-buttons is-layout-flex wp-block-buttons-is-layout-flex\">\n<div class=\"wp-block-button has-custom-font-size is-style-outline has-small-font-size is-style-outline--3\"><a class=\"wp-block-button__link has-text-color has-link-color wp-element-button\" href=\"https:\/\/drive.google.com\/file\/d\/1ejEfjj-IufZOU9aGXcPnvVSuliWAg7Lw\/view?usp=sharing\" style=\"color:#0808f4\" target=\"_blank\" rel=\"noreferrer noopener\">cours<\/a><\/div>\n\n\n\n<div class=\"wp-block-button is-style-outline is-style-outline--4\"><a class=\"wp-block-button__link has-text-color has-link-color wp-element-button\" href=\"https:\/\/drive.google.com\/file\/d\/1U3opgtRYwYg2XrxO-eBPXM5KNlgexx7U\/view?usp=sharing\" style=\"color:#1616ed\" target=\"_blank\" rel=\"noreferrer noopener\">exercices<\/a><\/div>\n<\/div>\n<\/div>\n<\/div>\n<\/div>\n\n\n\n<hr class=\"wp-block-separator has-alpha-channel-opacity is-style-wide\"\/>\n\n\n\n<div class=\"wp-block-columns is-layout-flex wp-container-core-columns-is-layout-3 wp-block-columns-is-layout-flex\">\n<div class=\"wp-block-column is-layout-flow wp-block-column-is-layout-flow\">\n<div class=\"wp-block-group is-layout-grid wp-container-core-group-is-layout-4 wp-block-group-is-layout-grid\">\n<p class=\"wp-container-content-2\">Transformations g\u00e9n\u00e9ralit\u00e9s<\/p>\n\n\n\n<div class=\"wp-block-buttons is-layout-flex wp-block-buttons-is-layout-flex\">\n<div class=\"wp-block-button has-custom-font-size is-style-outline has-small-font-size is-style-outline--5\"><a class=\"wp-block-button__link has-text-color has-link-color wp-element-button\" href=\"https:\/\/drive.google.com\/file\/d\/1n-BV-y8hbjfIUuoGb87mtLPGMKI0hlwM\/view?usp=sharing\" style=\"color:#0808f4\" target=\"_blank\" rel=\"noreferrer noopener\">cours<\/a><\/div>\n<\/div>\n<\/div>\n<\/div>\n<\/div>\n\n\n\n<hr class=\"wp-block-separator has-alpha-channel-opacity is-style-wide\"\/>\n\n\n\n<div class=\"wp-block-columns is-layout-flex wp-container-core-columns-is-layout-4 wp-block-columns-is-layout-flex\">\n<div class=\"wp-block-column is-layout-flow wp-block-column-is-layout-flow\">\n<div class=\"wp-block-group is-layout-grid wp-container-core-group-is-layout-5 wp-block-group-is-layout-grid\">\n<p class=\"wp-container-content-3\">Isom\u00e9tries du plan<\/p>\n\n\n\n<div class=\"wp-block-buttons is-layout-flex wp-block-buttons-is-layout-flex\">\n<div class=\"wp-block-button has-custom-font-size is-style-outline has-small-font-size is-style-outline--6\"><a class=\"wp-block-button__link has-text-color has-link-color wp-element-button\" href=\"https:\/\/drive.google.com\/file\/d\/1OTkHWSJOg6_SNCgtPzA92XY7xkcPukjK\/view?usp=drive_link\" style=\"color:#0808f4\">cours<\/a><\/div>\n\n\n\n<div class=\"wp-block-button is-style-outline is-style-outline--7\"><a class=\"wp-block-button__link has-text-color has-link-color wp-element-button\" href=\"https:\/\/drive.google.com\/file\/d\/1U3opgtRYwYg2XrxO-eBPXM5KNlgexx7U\/view?usp=sharing\" style=\"color:#1616ed\" target=\"_blank\" rel=\"noreferrer noopener\">exercices<\/a><\/div>\n<\/div>\n<\/div>\n<\/div>\n<\/div>\n\n\n\n<div class=\"wp-block-buttons has-base-background-color has-background is-layout-flex wp-block-buttons-is-layout-flex\">\n<div class=\"wp-block-button is-style-outline is-style-outline--8\"><a class=\"wp-block-button__link wp-element-button\">\u00e0 venir<\/a><\/div>\n\n\n\n<div class=\"wp-block-button is-style-outline is-style-outline--9\"><a class=\"wp-block-button__link has-text-color has-link-color wp-element-button\" href=\"https:\/\/drive.google.com\/file\/d\/1nV9a4rMFZdPmNqC_1T_rw3AIb19DsG_A\/view?usp=sharing\" style=\"color:#170af2\" target=\"_blank\" rel=\"noreferrer noopener\">du Lespinard<\/a><\/div>\n\n\n\n<div class=\"wp-block-button has-custom-width wp-block-button__width-25 is-style-outline is-style-outline--10\"><a class=\"wp-block-button__link has-text-color has-link-color wp-element-button\" href=\"https:\/\/drive.google.com\/file\/d\/1tFPFfS7zSXs3BQAeqDDuPbsZ89MOSjsW\/view?usp=sharing\" style=\"color:#071af2\" target=\"_blank\" rel=\"noreferrer noopener\">du Maillard<\/a><\/div>\n\n\n\n<div class=\"wp-block-button is-style-outline is-style-outline--11\"><a class=\"wp-block-button__link has-text-color has-link-color wp-element-button\" href=\"https:\/\/drive.google.com\/file\/d\/1bL8zFH15ahXaG1eLpzAaBMy7pYYD0568\/view?usp=sharing\" style=\"color:#0e21f2\" target=\"_blank\" rel=\"noreferrer noopener\">exercices divers<\/a><\/div>\n<\/div>\n\n\n\n<hr class=\"wp-block-separator has-alpha-channel-opacity is-style-wide\"\/>\n\n\n\n<div class=\"wp-block-columns is-layout-flex wp-container-core-columns-is-layout-5 wp-block-columns-is-layout-flex\">\n<div class=\"wp-block-column is-layout-flow wp-block-column-is-layout-flow\">\n<div class=\"wp-block-group is-layout-grid wp-container-core-group-is-layout-6 wp-block-group-is-layout-grid\">\n<p class=\"wp-container-content-4\">Homoth\u00e9ties<\/p>\n\n\n\n<div class=\"wp-block-buttons is-layout-flex wp-block-buttons-is-layout-flex\">\n<div class=\"wp-block-button has-custom-font-size is-style-outline has-small-font-size is-style-outline--12\"><a class=\"wp-block-button__link has-text-color has-link-color wp-element-button\" href=\"https:\/\/drive.google.com\/file\/d\/1hiIgEmNEB98WGz-2yCXkKU6Ql6JSMCv-\/view?usp=sharing\" style=\"color:#0808f4\" target=\"_blank\" rel=\"noreferrer noopener\">cours<\/a><\/div>\n\n\n\n<div class=\"wp-block-button is-style-outline is-style-outline--13\"><a class=\"wp-block-button__link has-text-color has-link-color wp-element-button\" style=\"color:#1616ed\">exercices<\/a><\/div>\n<\/div>\n<\/div>\n<\/div>\n<\/div>\n\n\n\n<hr class=\"wp-block-separator has-alpha-channel-opacity is-style-wide\"\/>\n\n\n\n<div class=\"wp-block-columns is-layout-flex wp-container-core-columns-is-layout-6 wp-block-columns-is-layout-flex\">\n<div class=\"wp-block-column is-layout-flow wp-block-column-is-layout-flow\">\n<div class=\"wp-block-group is-layout-grid wp-container-core-group-is-layout-7 wp-block-group-is-layout-grid\">\n<p class=\"wp-container-content-5\">Similitudes directes et indirectes, composition<\/p>\n\n\n\n<div class=\"wp-block-buttons is-layout-flex wp-block-buttons-is-layout-flex\">\n<div class=\"wp-block-button has-custom-font-size is-style-outline has-small-font-size is-style-outline--14\"><a class=\"wp-block-button__link has-text-color has-link-color wp-element-button\" href=\"https:\/\/drive.google.com\/file\/d\/18AaVktpRkwdCwhU466fmKL_qQIOIRfWI\/view?usp=sharing\" style=\"color:#0808f4\" target=\"_blank\" rel=\"noreferrer noopener\">cours<\/a><\/div>\n\n\n\n<div class=\"wp-block-button is-style-outline is-style-outline--15\"><a class=\"wp-block-button__link has-text-color has-link-color wp-element-button\" href=\"https:\/\/drive.google.com\/file\/d\/1ENrUiH2TesdnfqWFO-n065CW1yshkr8a\/view?usp=sharing\" style=\"color:#1616ed\" target=\"_blank\" rel=\"noreferrer noopener\">exercices<\/a><\/div>\n<\/div>\n<\/div>\n<\/div>\n<\/div>\n\n\n\n<hr class=\"wp-block-separator has-alpha-channel-opacity is-style-wide\"\/>\n\n\n\n<div class=\"wp-block-columns is-layout-flex wp-container-core-columns-is-layout-7 wp-block-columns-is-layout-flex\">\n<div class=\"wp-block-column is-layout-flow wp-block-column-is-layout-flow\">\n<div class=\"wp-block-group is-layout-grid wp-container-core-group-is-layout-8 wp-block-group-is-layout-grid\">\n<p class=\"wp-container-content-6\">Inversion<\/p>\n\n\n\n<div class=\"wp-block-buttons is-layout-flex wp-block-buttons-is-layout-flex\">\n<div class=\"wp-block-button has-custom-font-size is-style-outline has-small-font-size is-style-outline--16\"><a class=\"wp-block-button__link has-text-color has-link-color wp-element-button\" href=\"https:\/\/drive.google.com\/file\/d\/1Q6ARzboz-ANcdXakWoOPWO7kDHEo_lzl\/view?usp=sharing\" style=\"color:#0808f4\">cours<\/a><\/div>\n<\/div>\n<\/div>\n<\/div>\n<\/div>\n\n\n\n<div class=\"wp-block-columns is-layout-flex wp-container-core-columns-is-layout-8 wp-block-columns-is-layout-flex\">\n<div class=\"wp-block-column is-layout-flow wp-block-column-is-layout-flow\">\n<div class=\"wp-block-buttons is-layout-flex wp-block-buttons-is-layout-flex\">\n<div class=\"wp-block-button has-custom-font-size is-style-outline has-small-font-size is-style-outline--17\"><a class=\"wp-block-button__link has-text-color has-link-color wp-element-button\" href=\"https:\/\/drive.google.com\/file\/d\/1P1BUtwaKbCyL4yKaw-sCivuIgvKBPDaX\/view?usp=sharing\" style=\"color:#0712f2\" target=\"_blank\" rel=\"noreferrer noopener\">Cagnac<\/a><\/div>\n\n\n\n<div class=\"wp-block-button is-style-outline is-style-outline--18\"><a class=\"wp-block-button__link has-text-color has-link-color wp-element-button\" href=\"https:\/\/drive.google.com\/file\/d\/1izgdx0Jy9AeMoujm5MC-Kxsp_BMPGSzX\/view?usp=sharing\" style=\"color:#0712f2\" target=\"_blank\" rel=\"noreferrer noopener\">Lebosse<\/a><\/div>\n\n\n\n<div class=\"wp-block-button is-style-outline is-style-outline--19\"><a class=\"wp-block-button__link has-text-color has-link-color wp-element-button\" href=\"https:\/\/drive.google.com\/file\/d\/10_t7X6rMqe0puxed47E2nCoa7gGTujsX\/view?usp=sharing\" style=\"color:#0722f2\" target=\"_blank\" rel=\"noreferrer noopener\">Lespinard<\/a><\/div>\n\n\n\n<div class=\"wp-block-button has-custom-width wp-block-button__width-25 is-style-outline is-style-outline--20\"><a class=\"wp-block-button__link has-text-color has-link-color wp-element-button\" href=\"https:\/\/drive.google.com\/file\/d\/19AuPFG6Wj9yz4ccaRFjhCv9q8sRuUSVS\/view?usp=sharing\" style=\"color:#071af2\" target=\"_blank\" rel=\"noreferrer noopener\">divers<\/a><\/div>\n<\/div>\n<\/div>\n<\/div>\n\n\n\n<hr class=\"wp-block-separator has-alpha-channel-opacity is-style-wide\"\/>\n\n\n\n<p>Coniques en TC: Cours conseill\u00e9 <a href=\"http:\/\/mathmj.fr\/geogebra\/coniques\/coniques.pdf\" target=\"_blank\" rel=\"noreferrer noopener\">J.Marot Etudions les coniques<\/a><\/p>\n\n\n\n<p> Exercices sur:<\/p>\n\n\n\n<div class=\"wp-block-columns is-layout-flex wp-container-core-columns-is-layout-9 wp-block-columns-is-layout-flex\">\n<div class=\"wp-block-column is-layout-flow wp-block-column-is-layout-flow\">\n<div class=\"wp-block-buttons has-custom-font-size has-small-font-size is-layout-flex wp-block-buttons-is-layout-flex\">\n<div class=\"wp-block-button has-custom-font-size is-style-outline has-small-font-size is-style-outline--21\"><a class=\"wp-block-button__link has-text-color has-link-color wp-element-button\" href=\"https:\/\/drive.google.com\/file\/d\/1f_PtAsVtMFhdauCxoyVOYaNY3uVj6C-J\/view?usp=sharing\" style=\"color:#030ff1\" target=\"_blank\" rel=\"noreferrer noopener\">la Parabole<\/a><\/div>\n\n\n\n<div class=\"wp-block-button is-style-outline is-style-outline--22\"><a class=\"wp-block-button__link has-text-color has-link-color wp-element-button\" href=\"https:\/\/drive.google.com\/file\/d\/1QSx2W_4acNtNnFF_1chSoRmoBbqcwEi8\/view?usp=sharing\" style=\"color:#0707f3\" target=\"_blank\" rel=\"noreferrer noopener\">l&rsquo;Ellipse<\/a><\/div>\n\n\n\n<div class=\"wp-block-button is-style-outline is-style-outline--23\"><a class=\"wp-block-button__link has-text-color has-link-color wp-element-button\" href=\"https:\/\/drive.google.com\/file\/d\/1B5FTDrlDS0fj89u8lSJveS6dxS9LTonI\/view?usp=sharing\" style=\"color:#0909f2\" target=\"_blank\" rel=\"noreferrer noopener\">l&rsquo;Hyperbole<\/a><\/div>\n\n\n\n<div class=\"wp-block-button is-style-outline is-style-outline--24\"><a class=\"wp-block-button__link has-text-color has-link-color wp-element-button\" href=\"https:\/\/drive.google.com\/file\/d\/1w0Yo4Dc21XAK1M3grRRJDO_27WR1vlFW\/view?usp=sharing\" style=\"color:#0c1ef0\" target=\"_blank\" rel=\"noreferrer noopener\">Foyers <\/a><\/div>\n\n\n\n<div class=\"wp-block-button is-style-outline is-style-outline--25\"><a class=\"wp-block-button__link has-text-color has-link-color wp-element-button\" href=\"https:\/\/drive.google.com\/file\/d\/1tr2ZbtJn4mTxFIGHSO2DyzHPMX0yrm1M\/view?usp=sharing\" style=\"color:#3009f3\" target=\"_blank\" rel=\"noreferrer noopener\">vari\u00e9s<\/a><\/div>\n<\/div>\n\n\n\n<hr class=\"wp-block-separator has-alpha-channel-opacity is-style-wide\"\/>\n<\/div>\n<\/div>\n\n\n\n<div class=\"wp-block-group has-global-padding is-content-justification-left is-layout-constrained wp-container-core-group-is-layout-9 wp-block-group-is-layout-constrained\">\n<div class=\"wp-block-columns is-layout-flex wp-container-core-columns-is-layout-10 wp-block-columns-is-layout-flex\">\n<div class=\"wp-block-column is-layout-flow wp-block-column-is-layout-flow\">\n<p><a href=\"https:\/\/drive.google.com\/file\/d\/1Ir9om9Xb7PFKfxoySr2JHdCi3Vdz5cY_\/view?usp=sharing\" target=\"_blank\" rel=\"noreferrer noopener\">Probl\u00e8mes de Baccalaur\u00e9at (anciens)<\/a><\/p>\n<\/div>\n<\/div>\n\n\n\n<p><\/p>\n<\/div>\n\n\n\n<p><\/p>\n","protected":false},"excerpt":{"rendered":"<p>Dans cette page un peu de cours de TC anciens programmes et des exercices corrig\u00e9s avec les notions de ce niveau Puissance par rapport \u00e0 un cercle, orthogonalit\u00e9 de cercles, faisceaux de cercles. Harmonicit\u00e9 par rapport \u00e0 un couple de droite, p\u00f4le, polaires Transformations g\u00e9n\u00e9ralit\u00e9s Isom\u00e9tries du plan Homoth\u00e9ties Similitudes directes et indirectes, composition Inversion [&hellip;]<\/p>\n","protected":false},"author":1,"featured_media":0,"parent":0,"menu_order":3,"comment_status":"closed","ping_status":"closed","template":"","meta":{"footnotes":""},"class_list":["post-51","page","type-page","status-publish","hentry"],"_links":{"self":[{"href":"https:\/\/picoronsdelageometrie.fr\/index.php?rest_route=\/wp\/v2\/pages\/51","targetHints":{"allow":["GET"]}}],"collection":[{"href":"https:\/\/picoronsdelageometrie.fr\/index.php?rest_route=\/wp\/v2\/pages"}],"about":[{"href":"https:\/\/picoronsdelageometrie.fr\/index.php?rest_route=\/wp\/v2\/types\/page"}],"author":[{"embeddable":true,"href":"https:\/\/picoronsdelageometrie.fr\/index.php?rest_route=\/wp\/v2\/users\/1"}],"replies":[{"embeddable":true,"href":"https:\/\/picoronsdelageometrie.fr\/index.php?rest_route=%2Fwp%2Fv2%2Fcomments&post=51"}],"version-history":[{"count":21,"href":"https:\/\/picoronsdelageometrie.fr\/index.php?rest_route=\/wp\/v2\/pages\/51\/revisions"}],"predecessor-version":[{"id":389,"href":"https:\/\/picoronsdelageometrie.fr\/index.php?rest_route=\/wp\/v2\/pages\/51\/revisions\/389"}],"wp:attachment":[{"href":"https:\/\/picoronsdelageometrie.fr\/index.php?rest_route=%2Fwp%2Fv2%2Fmedia&parent=51"}],"curies":[{"name":"wp","href":"https:\/\/api.w.org\/{rel}","templated":true}]}}