{"id":44,"date":"2024-11-16T16:07:36","date_gmt":"2024-11-16T16:07:36","guid":{"rendered":"https:\/\/picoronsdelageometri.live-website.com\/?page_id=44"},"modified":"2025-03-23T16:40:10","modified_gmt":"2025-03-23T16:40:10","slug":"lectures","status":"publish","type":"page","link":"https:\/\/picoronsdelageometrie.fr\/?page_id=44","title":{"rendered":"Lectures"},"content":{"rendered":"\n<hr class=\"wp-block-separator has-alpha-channel-opacity is-style-wide\"\/>\n\n\n\n<p class=\"has-medium-font-size\">Ce que j&rsquo;ai cru comprendre de mes lectures de diff\u00e9rents ouvrages ou publications sur des sites.<\/p>\n\n\n\n<hr class=\"wp-block-separator has-alpha-channel-opacity is-style-wide\" style=\"margin-top:var(--wp--preset--spacing--10);margin-bottom:var(--wp--preset--spacing--10)\"\/>\n\n\n\n<div class=\"wp-block-group has-global-padding is-layout-constrained wp-block-group-is-layout-constrained\">\n<p class=\"has-contrast-color has-text-color has-link-color has-medium-font-size wp-elements-4f2942b3fab6a19591d7acc6b1e424ff\">Paul YIU  Introduction to the geometry of the triangle<\/p>\n\n\n\n<p class=\"has-small-font-size\">Utilisation des coordonn\u00e9s barycentriques, notations de Conway<\/p>\n\n\n\n<p>tr\u00e9s agr\u00e9able et int\u00e9ressant, dans les liens ci-dessous vous trouverez les notes de lectures et les exercices corrig\u00e9s par chapitres puis complet .<\/p>\n\n\n\n<div class=\"wp-block-columns is-layout-flex wp-container-core-columns-is-layout-1 wp-block-columns-is-layout-flex\">\n<div class=\"wp-block-column has-small-font-size is-layout-flow wp-block-column-is-layout-flow\" style=\"padding-top:0;padding-bottom:0;line-height:0.5\">\n<p class=\"has-link-color wp-elements-78eb6402e8fc0cdc7a7334c7952ae950\" style=\"padding-top:0;padding-right:0;padding-bottom:0;padding-left:0\"><a href=\"https:\/\/drive.google.com\/file\/d\/1rGFawojqqPMp3PWeik7wUxeGGDn9Q2l1\/view?usp=sharing\" target=\"_blank\" rel=\"noreferrer noopener\">Rappels<\/a><\/p>\n\n\n\n<p class=\"has-link-color wp-elements-bca6ceecc50818b54b4bf5622ff9b553\"><a href=\"https:\/\/drive.google.com\/file\/d\/1aeJnZDxFhmPXoqybwL8FFE7zmAGmttXg\/view?usp=sharing\" target=\"_blank\" rel=\"noreferrer noopener\">Techniques barycentriques<\/a><\/p>\n\n\n\n<p class=\"has-link-color wp-elements-0c6709aad241b89d1c376b9d4df7b11c\"><a href=\"https:\/\/drive.google.com\/file\/d\/12kuhCAbIIfx5zwgz30n6-tf1eOXGTAnX\/view?usp=sharing\" target=\"_blank\" rel=\"noreferrer noopener\">Les droites<\/a><\/p>\n\n\n\n<p class=\"has-link-color wp-elements-ad2c4166bc20b01c97f0879c21beb49b\"><a href=\"https:\/\/drive.google.com\/file\/d\/19fuVc-l1n1a5AN7bBiKNWVX9JkGWmz4Z\/view?usp=sharing\" target=\"_blank\" rel=\"noreferrer noopener\">Les cercles <\/a><\/p>\n\n\n\n<p class=\"has-link-color wp-elements-60ebc4213c12f52ffb81b9eaa8f9c963\"><a href=\"https:\/\/drive.google.com\/file\/d\/1KyhXoGBcrABEtv7K4BSJVuUfcTgTVgoU\/view?usp=sharing\" target=\"_blank\" rel=\"noreferrer noopener\">Les cercles (suite)<\/a><\/p>\n\n\n\n<p class=\"has-link-color wp-elements-772d8cafcd21488b4f899705061d743f\"><a href=\"https:\/\/drive.google.com\/file\/d\/1EgLklZaQdpEUZIpNvrjDlNWDbUYf8NSm\/view?usp=sharing\" target=\"_blank\" rel=\"noreferrer noopener\">Constructions<\/a><\/p>\n\n\n\n<p class=\"has-link-color wp-elements-9ea167ccb4090f44f876d6b1fae4ee2d\"><a href=\"https:\/\/drive.google.com\/file\/d\/11H2cD9NuPJjhap2jXWU86HEd7qOcHWPS\/view?usp=sharing\" target=\"_blank\" rel=\"noreferrer noopener\">Coniques<\/a><\/p>\n\n\n\n<p class=\"has-link-color wp-elements-f60569bd985c38229a57e62fa0044d3d\"><a href=\"https:\/\/drive.google.com\/file\/d\/1dpbAKZLEsne2pI5mIo6sZyy1kgCz7E8D\/view?usp=sharing\" target=\"_blank\" rel=\"noreferrer noopener\">Coniques et matrices<\/a><\/p>\n\n\n\n<p class=\"has-link-color wp-elements-7bd535e2a1e5a2d4556b638a2123b483\"><a href=\"https:\/\/drive.google.com\/file\/d\/1w9J99aIfvoe2oZQd5y_wSqTswsifNVxQ\/view?usp=sharing\" target=\"_blank\" rel=\"noreferrer noopener\">Applications diverses<\/a><\/p>\n\n\n\n<p class=\"has-link-color wp-elements-f2d528b180520622278a95615346eedc\"><a href=\"https:\/\/drive.google.com\/file\/d\/1E77Brv0p967dnvLsLWeskyQqPQm-FEB1\/view?usp=sharing\" target=\"_blank\" rel=\"noreferrer noopener\">Complet (r\u00e9union des chapitres)<\/a>(81.1Mo)<\/p>\n<\/div>\n<\/div>\n<\/div>\n\n\n\n<hr class=\"wp-block-separator has-alpha-channel-opacity is-style-wide\"\/>\n\n\n\n<div class=\"wp-block-group has-global-padding is-layout-constrained wp-block-group-is-layout-constrained\">\n<p class=\"has-link-color has-medium-font-size wp-elements-a57e6aef502596e0f81e379a4991d88a\"><a href=\"https:\/\/drive.google.com\/file\/d\/1cHUA3ZHMpsAV8p0znfagVvQo2T78_yRj\/view?usp=drive_link\" target=\"_blank\" rel=\"noreferrer noopener\">J.C Sidler G\u00e9om\u00e9trie projective<\/a><\/p>\n\n\n\n<p>La g\u00e9om\u00e9trie projective en elle m\u00eame et sa manipulation, super (20Mo)<\/p>\n\n\n\n<p><a href=\"https:\/\/drive.google.com\/file\/d\/1Wbm9Qpu4AZjjL_ZPO6A7gKDolm6VjQ8Z\/view?usp=drive_link\" data-type=\"link\" data-id=\"https:\/\/drive.google.com\/file\/d\/1Wbm9Qpu4AZjjL_ZPO6A7gKDolm6VjQ8Z\/view?usp=drive_link\" target=\"_blank\" rel=\"noreferrer noopener\">Sidler Chapitres 7 et 8<\/a><\/p>\n<\/div>\n\n\n\n<p><\/p>\n","protected":false},"excerpt":{"rendered":"<p>Ce que j&rsquo;ai cru comprendre de mes lectures de diff\u00e9rents ouvrages ou publications sur des sites. Paul YIU Introduction to the geometry of the triangle Utilisation des coordonn\u00e9s barycentriques, notations de Conway tr\u00e9s agr\u00e9able et int\u00e9ressant, dans les liens ci-dessous vous trouverez les notes de lectures et les exercices corrig\u00e9s par chapitres puis complet . [&hellip;]<\/p>\n","protected":false},"author":1,"featured_media":0,"parent":0,"menu_order":1,"comment_status":"closed","ping_status":"closed","template":"","meta":{"footnotes":""},"class_list":["post-44","page","type-page","status-publish","hentry"],"_links":{"self":[{"href":"https:\/\/picoronsdelageometrie.fr\/index.php?rest_route=\/wp\/v2\/pages\/44","targetHints":{"allow":["GET"]}}],"collection":[{"href":"https:\/\/picoronsdelageometrie.fr\/index.php?rest_route=\/wp\/v2\/pages"}],"about":[{"href":"https:\/\/picoronsdelageometrie.fr\/index.php?rest_route=\/wp\/v2\/types\/page"}],"author":[{"embeddable":true,"href":"https:\/\/picoronsdelageometrie.fr\/index.php?rest_route=\/wp\/v2\/users\/1"}],"replies":[{"embeddable":true,"href":"https:\/\/picoronsdelageometrie.fr\/index.php?rest_route=%2Fwp%2Fv2%2Fcomments&post=44"}],"version-history":[{"count":26,"href":"https:\/\/picoronsdelageometrie.fr\/index.php?rest_route=\/wp\/v2\/pages\/44\/revisions"}],"predecessor-version":[{"id":395,"href":"https:\/\/picoronsdelageometrie.fr\/index.php?rest_route=\/wp\/v2\/pages\/44\/revisions\/395"}],"wp:attachment":[{"href":"https:\/\/picoronsdelageometrie.fr\/index.php?rest_route=%2Fwp%2Fv2%2Fmedia&parent=44"}],"curies":[{"name":"wp","href":"https:\/\/api.w.org\/{rel}","templated":true}]}}