{"id":42,"date":"2024-11-16T16:10:17","date_gmt":"2024-11-16T16:10:17","guid":{"rendered":"https:\/\/picoronsdelageometri.live-website.com\/?page_id=42"},"modified":"2024-12-07T09:47:38","modified_gmt":"2024-12-07T09:47:38","slug":"themes-et-syntheses","status":"publish","type":"page","link":"https:\/\/picoronsdelageometrie.fr\/?page_id=42","title":{"rendered":"Th\u00e8mes et synth\u00e8ses"},"content":{"rendered":"\n<div class=\"wp-block-columns is-layout-flex wp-container-core-columns-is-layout-1 wp-block-columns-is-layout-flex\">\n<div class=\"wp-block-column is-layout-flow wp-block-column-is-layout-flow\">\n<div class=\"wp-block-group is-layout-flow wp-block-group-is-layout-flow\">\n<p class=\"has-text-color has-link-color wp-elements-779a3ac8f95d13a4e6183573b5557bf0\" style=\"color:#0a44f1\"><a href=\"https:\/\/drive.google.com\/file\/d\/12xfgg-Mx6725XfeQPAJ9VKJR1Yufaf8y\/view?usp=sharing\" target=\"_blank\" rel=\"noreferrer noopener\">Euler<\/a><\/p>\n\n\n\n<p class=\"has-small-font-size\">Droite et cercle d&rsquo;euler, droite de Simson et son enveloppe, droite de Steiner d&rsquo;un quadrilat\u00e8re, triangles et cercles podaires,  c\u00e9viens, orthopole, th\u00e9or\u00e8me de Laisant<\/p>\n<\/div>\n<\/div>\n<\/div>\n\n\n\n<hr class=\"wp-block-separator has-alpha-channel-opacity is-style-wide\"\/>\n\n\n\n<div class=\"wp-block-group is-layout-flow wp-block-group-is-layout-flow\">\n<p class=\"has-text-color has-link-color wp-elements-2401fa36c9bea5c488403fb0b763acea\" style=\"color:#0a44f1\"><a href=\"https:\/\/drive.google.com\/file\/d\/12xfgg-Mx6725XfeQPAJ9VKJR1Yufaf8y\/view?usp=sharing\">I<\/a><a href=\"https:\/\/drive.google.com\/file\/d\/1pRPG-qbn_1iP56jCUqZZ8xTDb__zWNUS\/view?usp=sharingQPAJ9VKJR1Yufaf8y\/view?usp=sharing\" target=\"_blank\" rel=\"noreferrer noopener\">sotomie<\/a><\/p>\n\n\n\n<p class=\"has-small-font-size\">Outil barycentrique, conjugaison par isotomie, images des droites et des coniques. Point de gergonne, Point de Nagel, sym\u00e9diane, point de Lemoine, cercles de Tucker<\/p>\n\n\n\n<hr class=\"wp-block-separator has-alpha-channel-opacity is-style-wide\"\/>\n<\/div>\n\n\n\n<div class=\"wp-block-group is-layout-flow wp-block-group-is-layout-flow\">\n<p class=\"has-text-color has-link-color wp-elements-bf643f326aa2a866ae32bd88c0a351ed\" style=\"color:#0a44f1\"><a href=\"https:\/\/drive.google.com\/file\/d\/1WJ6XcqYATCspUGgrMGbOOmGtOqqPVqwg\/view?usp=sharing\" target=\"_blank\" rel=\"noreferrer noopener\">Cercles d&rsquo;Appolonius<\/a><\/p>\n\n\n\n<p class=\"has-small-font-size\">Cercles d&rsquo;Applloniuss, probl\u00e8me d&rsquo;Appollonius (les dix cas)<\/p>\n<\/div>\n\n\n\n<hr class=\"wp-block-separator has-alpha-channel-opacity is-style-wide\"\/>\n\n\n\n<div class=\"wp-block-group is-vertical is-layout-flex wp-container-core-group-is-layout-7 wp-block-group-is-layout-flex\">\n<div class=\"wp-block-group is-layout-flow wp-block-group-is-layout-flow\">\n<div class=\"wp-block-group is-vertical is-layout-flex wp-container-core-group-is-layout-5 wp-block-group-is-layout-flex\">\n<div class=\"wp-block-group is-vertical is-layout-flex wp-container-core-group-is-layout-4 wp-block-group-is-layout-flex\">\n<hr class=\"wp-block-separator has-alpha-channel-opacity is-style-wide\"\/>\n<\/div>\n\n\n\n<p class=\"has-text-color has-link-color wp-elements-6db7c2af4a5801b5a0988d7d6e9f8959\" style=\"color:#0707f1\"><a href=\"https:\/\/drive.google.com\/file\/d\/1jbdBGxvb3NtzRCvkPDj5Yo_wpHiM5-bm\/view?usp=sharing\" target=\"_blank\" rel=\"noreferrer noopener\">Isogonalit\u00e9 et coniques<\/a><\/p>\n<\/div>\n\n\n\n<p class=\"has-small-font-size\">isogonalit\u00e9, transformation par conjugaison orthogonale, coniques circonscrites, tangentes aux c\u00f4t\u00e9s d&rsquo;un triangle.<\/p>\n<\/div>\n<\/div>\n\n\n\n<hr class=\"wp-block-separator has-alpha-channel-opacity is-style-wide\"\/>\n\n\n\n<div class=\"wp-block-group is-layout-flow wp-block-group-is-layout-flow\">\n<div class=\"wp-block-group is-vertical is-layout-flex wp-container-core-group-is-layout-8 wp-block-group-is-layout-flex\">\n<hr class=\"wp-block-separator has-alpha-channel-opacity is-style-wide\"\/>\n<\/div>\n\n\n\n<p class=\"has-text-color has-link-color wp-elements-34bfd94717e29b8cf6013190e765ad23\" style=\"color:#0606f4\"><a href=\"https:\/\/drive.google.com\/file\/d\/1_0fVeEGiG3534v0tB_kUw8Dj2wKcI8Bv\/view?usp=sharing\" target=\"_blank\" rel=\"noreferrer noopener\">Orthopole<\/a><\/p>\n\n\n\n<p class=\"has-small-font-size\">Orthopole, th\u00e9or\u00e8me de Carnot, lieu, orthopole d&rsquo;un quadrilat\u00e8re<\/p>\n\n\n\n<hr class=\"wp-block-separator has-alpha-channel-opacity is-style-wide\"\/>\n<\/div>\n\n\n\n<div class=\"wp-block-group is-layout-flow wp-block-group-is-layout-flow\">\n<p class=\"has-link-color wp-elements-a2c08d1d69371144f17b21bd7dc236a9\"><a href=\"https:\/\/drive.google.com\/file\/d\/1OTixdxHfWF9aeh1pjS7nbE7eNzAKb1-0\/view?usp=sharing\" target=\"_blank\" rel=\"noreferrer noopener\">Sym\u00e9tries et triangles<\/a><\/p>\n\n\n\n<p class=\"has-small-font-size\">expression barycentrique des affinit\u00e9s, sym\u00e9tries par rapport \u00e0 trois droites concourantes, th\u00e9or\u00e8me de Miquel, triangles circumc\u00e9vien, triangle de Furhmann, point X109, point X110 (E.T.C)<\/p>\n<\/div>\n\n\n\n<hr class=\"wp-block-separator has-alpha-channel-opacity is-style-wide\"\/>\n\n\n\n<div class=\"wp-block-group is-layout-flow wp-block-group-is-layout-flow\">\n<p class=\"has-text-color has-link-color wp-elements-d6c48314c9e52669d1f5c1c8d1f89c42\" style=\"color:#0a44f1\"><a href=\"https:\/\/drive.google.com\/file\/d\/1-IEzdb2-BumMotfDKmkb3CCeeaqN-_Y9\/view?usp=sharing\" target=\"_blank\" rel=\"noreferrer noopener\">Point de Fr\u00e9gier<\/a><\/p>\n\n\n\n<p class=\"has-small-font-size\">s\u00e9cante \u00e0 une conique \u00e0 centre ou \u00e0 une parabole vue d&rsquo;un de ses points sous un angle constant, enveloppe, cas de l&rsquo;angle droit, Point de Fr\u00e9gier<\/p>\n<\/div>\n\n\n\n<hr class=\"wp-block-separator has-alpha-channel-opacity is-style-wide\"\/>\n\n\n\n<div class=\"wp-block-group is-layout-flow wp-block-group-is-layout-flow\">\n<p class=\"has-text-color has-link-color wp-elements-8fe6ce4d8a3f5a2ab7dd6f95a4f88417\" style=\"color:#0a44f1\"><a href=\"https:\/\/drive.google.com\/file\/d\/1X0maa63MfNlHnMzpfynu5XKTvfiE4F4i\/view?usp=sharing\" target=\"_blank\" rel=\"noreferrer noopener\">Normale \u00e0 une conique Hyperbole d&rsquo;Apollonius<\/a><\/p>\n\n\n\n<p class=\"has-small-font-size\">propri\u00e9t\u00e9s des normales aux coniques, hyperbole d&rsquo;Apollonius<\/p>\n<\/div>\n\n\n\n<hr class=\"wp-block-separator has-alpha-channel-opacity is-style-wide\"\/>\n\n\n\n<div class=\"wp-block-group is-layout-flow wp-block-group-is-layout-flow\">\n<p class=\"has-text-color has-link-color wp-elements-1382ddb380c4c59f5a29e8537e16546c\" style=\"color:#0a44f1\"><a href=\"https:\/\/drive.google.com\/file\/d\/1aqvsLDIiFKdxpq984tbEcuyEgSv6_mp7\/view?usp=sharing\" target=\"_blank\" rel=\"noreferrer noopener\">Hyperbole \u00e9quilat\u00e8re<\/a><\/p>\n\n\n\n<p class=\"has-small-font-size\">th\u00e9or\u00e8me de pascal, faisceau de Poncelet d&rsquo;hyperboles \u00e9qulat\u00e8res, de J\u00e9rabek, Kiepert, Feuerbach, g\u00e9n\u00e9ration homographique, g\u00e9n\u00e9ralisation.<\/p>\n<\/div>\n\n\n\n<hr class=\"wp-block-separator has-alpha-channel-opacity is-style-wide\"\/>\n\n\n\n<div class=\"wp-block-group is-layout-flow wp-block-group-is-layout-flow\">\n<p class=\"has-text-color has-link-color wp-elements-e84149f33bb1ae2a9744551cd10f15d4\" style=\"color:#0a44f1\"><a href=\"https:\/\/drive.google.com\/file\/d\/1xD9Gz89F_onDIWbYdt_dpEZYoFVoKH6D\/view?usp=drive_link\" target=\"_blank\" rel=\"noreferrer noopener\">Extension des notions d&rsquo;Euler aux coniques (orthogonalit\u00e9 remplac\u00e9e par la conjugaison et l&rsquo;involution de Desargues)<\/a><\/p>\n\n\n\n<p class=\"has-small-font-size\">extensions des notions de: orthocentre, droite et cercle d&rsquo;Euler, orthopole<\/p>\n\n\n\n<hr class=\"wp-block-separator has-alpha-channel-opacity is-style-wide\"\/>\n<\/div>\n\n\n\n<div class=\"wp-block-group is-layout-flow wp-block-group-is-layout-flow\">\n<p class=\"has-text-color has-link-color wp-elements-d797da6efcaa3847143fcb3a535b5e1c\" style=\"color:#0a44f1\"><a href=\"https:\/\/drive.google.com\/file\/d\/1BoBrJ63HIJ-EFutj48C2tMXnX8i0QFMm\/view?usp=sharing\" target=\"_blank\" rel=\"noreferrer noopener\">Th\u00e9or\u00e8mes de Morley, Brocard, Laroche<\/a><\/p>\n\n\n\n<p class=\"has-small-font-size\">th\u00e9or\u00e8mes de Morley, points et angles de Brocard, orthotransverslae, th\u00e9or\u00e8me de Laroche<\/p>\n\n\n\n<hr class=\"wp-block-separator has-alpha-channel-opacity is-style-wide\"\/>\n<\/div>\n\n\n\n<div class=\"wp-block-group is-layout-flow wp-block-group-is-layout-flow\">\n<p class=\"has-text-color has-link-color wp-elements-45adf227144f8ccb378b4383888ca1c7\" style=\"color:#0a44f1\"><a href=\"https:\/\/drive.google.com\/file\/d\/1fvm7kWy0R9fCGaANXn0zog__3Gb-Jye4\/view?usp=sharing\" target=\"_blank\" rel=\"noreferrer noopener\">Probl\u00e8me de Castillon<\/a><\/p>\n\n\n\n<p class=\"has-small-font-size\">probl\u00e8me de Castillon par les involutions, par les polaires<\/p>\n\n\n\n<hr class=\"wp-block-separator has-alpha-channel-opacity is-style-wide\"\/>\n<\/div>\n\n\n\n<div class=\"wp-block-group is-layout-flow wp-block-group-is-layout-flow\">\n<p class=\"has-text-color has-link-color wp-elements-38033c450048b762d38596d5c1ae94c6\" style=\"color:#0a44f1\"><a href=\"https:\/\/drive.google.com\/file\/d\/1fvm7kWy0R9fCGaANXn0zog__3Gb-Jye4\/view?usp=sharing\" target=\"_blank\" rel=\"noreferrer noopener\"><\/a><a href=\"https:\/\/drive.google.com\/file\/d\/1k7i_iEmNq7CMged2UyfnKD8-xRJMGJF-\/view?usp=sharing\" target=\"_blank\" rel=\"noreferrer noopener\">Quadrangle<\/a><\/p>\n\n\n\n<p class=\"has-small-font-size\">quadrangle th\u00e9or\u00e8me de Carnot (Kempen), point d&rsquo;Euler-Poncelet, de Gergonne-Steiner, cercles podaires, point de Miquel d&rsquo;un quadrangle<\/p>\n\n\n\n<hr class=\"wp-block-separator has-alpha-channel-opacity is-style-wide\"\/>\n<\/div>\n\n\n\n<div class=\"wp-block-group is-layout-flow wp-block-group-is-layout-flow\">\n<p class=\"has-text-color has-link-color wp-elements-764c872b5a7198e9f73c7a3fb1aabeea\" style=\"color:#0a44f1\"><a href=\"https:\/\/drive.google.com\/file\/d\/1fvm7kWy0R9fCGaANXn0zog__3Gb-Jye4\/view?usp=sharing\" target=\"_blank\" rel=\"noreferrer noopener\"><\/a><a href=\"https:\/\/drive.google.com\/file\/d\/1k7i_iEmNq7CMged2UyfnKD8-xRJMGJF-\/view?usp=sharing\"><\/a><a href=\"https:\/\/drive.google.com\/file\/d\/1VyW1-qRV-BEPm2rnBpvWItCcW_-PWR9o\/view?usp=drive_link\" target=\"_blank\" rel=\"noreferrer noopener\">Quadrilat\u00e8re complet<\/a><\/p>\n\n\n\n<p class=\"has-small-font-size\">quadrilat\u00e8re complet, point et cercle de Miquel, quadrilat\u00e8res circonscrits , quadrangles inscrits<\/p>\n\n\n\n<hr class=\"wp-block-separator has-alpha-channel-opacity is-style-wide\"\/>\n<\/div>\n\n\n\n<div class=\"wp-block-group is-layout-flow wp-block-group-is-layout-flow\">\n<p class=\"has-text-color has-link-color wp-elements-10459a986f14403433a92db118c651c0\" style=\"color:#0a44f1\"><a href=\"https:\/\/drive.google.com\/file\/d\/1fvm7kWy0R9fCGaANXn0zog__3Gb-Jye4\/view?usp=sharing\" target=\"_blank\" rel=\"noreferrer noopener\"><\/a><a href=\"https:\/\/drive.google.com\/file\/d\/1k7i_iEmNq7CMged2UyfnKD8-xRJMGJF-\/view?usp=sharing\"><\/a><a href=\"https:\/\/drive.google.com\/file\/d\/1VyW1-qRV-BEPm2rnBpvWItCcW_-PWR9o\/view?usp=drive_link\"><\/a><a href=\"https:\/\/drive.google.com\/file\/d\/1NZUHFbyBcW7iDrt2JkWS5gTaTJjU4Yp9\/view?usp=sharing\" target=\"_blank\" rel=\"noreferrer noopener\">Quadrangle harmonique<\/a><\/p>\n\n\n\n<p class=\"has-small-font-size\">propri\u00e9t\u00e9s du quadrangle harmonique, transformation associ\u00e9e.<\/p>\n\n\n\n<hr class=\"wp-block-separator has-alpha-channel-opacity is-style-wide\"\/>\n<\/div>\n\n\n\n<div class=\"wp-block-columns is-layout-flex wp-container-core-columns-is-layout-2 wp-block-columns-is-layout-flex\">\n<div class=\"wp-block-column is-layout-flow wp-block-column-is-layout-flow\"><\/div>\n<\/div>\n\n\n\n<p><\/p>\n","protected":false},"excerpt":{"rendered":"<p>Euler Droite et cercle d&rsquo;euler, droite de Simson et son enveloppe, droite de Steiner d&rsquo;un quadrilat\u00e8re, triangles et cercles podaires, c\u00e9viens, orthopole, th\u00e9or\u00e8me de Laisant Isotomie Outil barycentrique, conjugaison par isotomie, images des droites et des coniques. Point de gergonne, Point de Nagel, sym\u00e9diane, point de Lemoine, cercles de Tucker Cercles d&rsquo;Appolonius Cercles d&rsquo;Applloniuss, probl\u00e8me [&hellip;]<\/p>\n","protected":false},"author":1,"featured_media":0,"parent":0,"menu_order":0,"comment_status":"closed","ping_status":"closed","template":"","meta":{"footnotes":""},"class_list":["post-42","page","type-page","status-publish","hentry"],"_links":{"self":[{"href":"https:\/\/picoronsdelageometrie.fr\/index.php?rest_route=\/wp\/v2\/pages\/42","targetHints":{"allow":["GET"]}}],"collection":[{"href":"https:\/\/picoronsdelageometrie.fr\/index.php?rest_route=\/wp\/v2\/pages"}],"about":[{"href":"https:\/\/picoronsdelageometrie.fr\/index.php?rest_route=\/wp\/v2\/types\/page"}],"author":[{"embeddable":true,"href":"https:\/\/picoronsdelageometrie.fr\/index.php?rest_route=\/wp\/v2\/users\/1"}],"replies":[{"embeddable":true,"href":"https:\/\/picoronsdelageometrie.fr\/index.php?rest_route=%2Fwp%2Fv2%2Fcomments&post=42"}],"version-history":[{"count":45,"href":"https:\/\/picoronsdelageometrie.fr\/index.php?rest_route=\/wp\/v2\/pages\/42\/revisions"}],"predecessor-version":[{"id":374,"href":"https:\/\/picoronsdelageometrie.fr\/index.php?rest_route=\/wp\/v2\/pages\/42\/revisions\/374"}],"wp:attachment":[{"href":"https:\/\/picoronsdelageometrie.fr\/index.php?rest_route=%2Fwp%2Fv2%2Fmedia&parent=42"}],"curies":[{"name":"wp","href":"https:\/\/api.w.org\/{rel}","templated":true}]}}